{"id":401,"date":"2021-01-11T09:29:49","date_gmt":"2021-01-11T09:29:49","guid":{"rendered":"https:\/\/www.roblaumen.nl\/datenschutz\/"},"modified":"2021-01-11T09:29:56","modified_gmt":"2021-01-11T09:29:56","slug":"datenschutz","status":"publish","type":"page","link":"https:\/\/www.roblaumen.nl\/de\/datenschutz\/","title":{"rendered":"Datenschutz"},"content":{"rendered":"<section class=\"l-section wpb_row us_custom_0d15be52 height_medium\"><div class=\"l-section-h i-cf\"><div class=\"g-cols vc_row via_flex valign_top type_default stacking_default\"><div class=\"vc_col-sm-12 wpb_column vc_column_container\"><div class=\"vc_column-inner\"><div class=\"wpb_wrapper\"><div class=\"w-text\"><span class=\"w-text-h\"><span class=\"w-text-value\">Datenschutz<\/span><\/span><\/div><div class=\"w-separator size_medium\"><\/div><div class=\"wpb_text_column\"><div class=\"wpb_wrapper\"><h2>\u00dcber mich<\/h2>\n<p>Ich bin Rob Laumen, und ich werde mich nach Kr\u00e4ften daf\u00fcr einsetzen, das Vertrauen meiner Website-Besucher, Kunden, Kollegen und Lieferanten nicht zu entt\u00e4uschen. In dieser Datenschutzerkl\u00e4rung beschreibe ich, wann und warum ich personenbezogene Daten erhebe, welche personenbezogene Daten ich erhebe, wie ich sie nutze sowie unter welchen Einschr\u00e4nkungen ich sie offenlege und wie ich sie sichere.<\/p>\n<p>Ich erf\u00fclle dabei die Funktion des Datenschutzbeauftragten und stehe Ihnen als solcher zur Verf\u00fcgung. Meine Postanschrift lautet: Jan Maenenstraat 33, NL-6363 AG Wijnandsrade\/Niederlande. Per E-Mail erreichen Sie mich unter <a href=\"mailto:privacy@roblaumen.nl\">privacy@roblaumen.nl<\/a>.<\/p>\n<h2>Datenschutz auf der Website<\/h2>\n<h3>Cookies<\/h3>\n<p>Wie die meisten Websites nutzt auch diese Website Cookies zur Erhebung von Daten. Cookies sind kleine Textdateien, die beim Besuch der Website auf Ihrem Zugriffsger\u00e4t (z. B. PC, Smartphone oder Tablet) gespeichert werden. Damit wird zum Beispiel festgehalten, wann Ihr Ger\u00e4t diese Website besucht. Auch tragen Cookies mit dazu bei, dass die Website effektiv funktioniert und sie verbessern die Benutzerfreundlichkeit. So werden in einem Cookie beispielsweise Angaben zu den besuchten Seiten und zu Ihrem Navigationsverhalten gespeichert. Diese Cookies erheben und erfassen allerdings keine pers\u00f6nlichen Daten, wie z. B. Ihren Namen, Ihre Anschrift oder weitere Kontaktdaten. In den Einstellungen Ihres Browsers k\u00f6nnen Sie die Verwendung von Cookies deaktivieren.<\/p>\n<h3>Google Analytics<\/h3>\n<p>Wenn jemand die Website https:\/\/www.roblaumen.nl\/ besucht, lasse ich \u00fcber einen externen Dienstleister (Google Analytics) Standard-Internetlogdaten und Daten zum Benutzerverhalten (z. B. Anzahl Besucher in verschiedenen Bereichen der Website) ermitteln. Diese Daten werden so verarbeitet, dass keine R\u00fcckschl\u00fcsse auf Personen m\u00f6glich sind. Ich beauftrage Google nicht damit, die Identit\u00e4t von Besuchern der Website auszuforschen, und erteile dazu auch keinerlei Genehmigung.<\/p>\n<h3>Schnittstellen mit sozialen Medien<\/h3>\n<p>Diese Website umfasst Funktionen f\u00fcr soziale Medien, wie z. B. &#8218;Teilen&#8216;- oder &#8218;Gef\u00e4llt mir&#8216;-Buttons. Diese Funktionen werden von externen Anbietern beigesteuert, und zwar von den Plattformen f\u00fcr soziale Medien selbst (z. B. LinkedIn, Twitter und Facebook). Falls und wenn auf diese Weise Daten erhoben werden, unterliegt dies der Datenschutzerkl\u00e4rung dieser Plattformen.<\/p>\n<h2>Daten von Kunden, Lieferanten und Kollegen<\/h2>\n<h3>Warum verarbeite ich Ihre personenbezogenen Daten?<\/h3>\n<p>Ich erhebe, speichere und nutze Ihre personenbezogenen Daten zu folgenden Zwecken: Erstellung eines Angebotes, Erbringung von Dienstleistungen in den Bereichen \u00dcbersetzung und\/oder Lektorat o. \u00e4., nachdem Sie mir einen entsprechenden Auftrag erteilt haben, oder zur Erf\u00fcllung der gesetzlichen Anforderungen. Ich nutze Ihre personenbezogenen Daten nicht zu Marketingzwecken. Die erhobenen personenbezogenen Daten k\u00f6nnen Folgendes umfassen: Ihren Namen, Ihre Postanschrift, Ihre E-Mail-Adresse, Ihre Telefon-\/Telefaxnummer und Ihre Umsatzsteuer-Identifikationsnummer. Die Grundlage f\u00fcr die Erhebung Ihrer personenbezogenen Daten ist die Erbringung der Dienstleistungen, mit denen Sie mich beauftragt haben, oder die Ergreifung der entsprechenden Ma\u00dfnahmen zur Erf\u00fcllung dieses Auftrags.<\/p>\n<h3>Wer au\u00dfer mir erh\u00e4lt Zugriff auf Ihre personenbezogenen Daten?<\/h3>\n<p>Wenn ich einem Kollegen einen Text zur \u00dcbersetzung, Korrektur oder zum Lektorat zusende, wird dieser Text anonymisiert, damit Ihre personenbezogenen Daten nicht sichtbar sind. Zu Verwaltungszwecken k\u00f6nnen andere Parteien Zugriff auf Ihre personenbezogenen Daten erhalten, u. a. mein Steuerberater, der Hosting-Anbieter meiner Website und mein(e) E-Mail-Anbieter. All diese Parteien sind DSGVO-konform.<\/p>\n<h3>Wie lange speichere ich Ihre personenbezogenen Daten?<\/h3>\n<p>Daten, die mit Angeboten im Zusammenhang stehen, werden ein halbes Jahr lang gespeichert. Insofern es erbrachte Leistungen betrifft, bin ich aufgrund der steuerlichen Aufbewahrungspflicht verpflichtet, Ihre personenbezogenen Daten sieben Jahre lang zu speichern. E-Mail-Korrespondenzen werden nach drei Jahren gel\u00f6scht.<\/p>\n<h3>Ihre Zugriffsrechte<\/h3>\n<p>Sie haben das Recht, die in meinem Besitz befindlichen personengebundenen Daten einzusehen bzw. \u00e4ndern oder l\u00f6schen zu lassen. Wenn Sie mir eine entsprechende Mitteilung per E-Mail zusenden, werde ich dem so schnell wie m\u00f6glich, sp\u00e4testens jedoch einen Monat nach Versand der Mitteilung, Folge leisten.<\/p>\n<h3>Datenschutz<\/h3>\n<p>Ich nehme den Schutz Ihrer Daten ernst und ergreife entsprechende Ma\u00dfnahmen, um Missbrauch, Verlust, unberechtigten Zugriff, unerw\u00fcnschte Ver\u00f6ffentlichung und unerlaubte \u00c4nderungen Ihrer Daten zu verhindern. Sollten Sie den Eindruck haben, dass Ihre Daten trotz allem nicht ausreichend vor Missbrauch gesch\u00fctzt sind, <a href=\"https:\/\/www.roblaumen.nl\/de\/kontakt\/\">wenden Sie sich bitte an mich<\/a>.<\/p>\n<h3>Ihr Beschwerderecht<\/h3>\n<p>Sollten Sie Bedenken zu meiner Verarbeitung Ihrer personenbezogenen Daten haben, wenden Sie sich bitte an mich. Sie haben auch das Recht, eine Beschwerde bei der niederl\u00e4ndischen Datenschutzbeh\u00f6rde (Autoriteit Persoonsgegevens) oder bei der zust\u00e4ndigen Datenschutzbeh\u00f6rde Ihres Landes einzureichen.<\/p>\n<h3>\u00c4nderung<\/h3>\n<p>Diese Datenschutzerkl\u00e4rung wurde zuletzt am 24. Mai 2018 ge\u00e4ndert und wird in erforderlichen F\u00e4llen \u00fcberarbeitet. Sollten Unterschiede zwischen der niederl\u00e4ndischen Version und einer anderssprachigen Version entstehen, so genie\u00dft der niederl\u00e4ndische Text den Vorzug.<\/p>\n<\/div><\/div><\/div><\/div><\/div><\/div><\/div><\/section>\n","protected":false},"excerpt":{"rendered":"Datenschutz\u00dcber mich Ich bin Rob Laumen, und ich werde mich nach Kr\u00e4ften daf\u00fcr einsetzen, das Vertrauen meiner Website-Besucher, Kunden, Kollegen und Lieferanten nicht zu entt\u00e4uschen. In dieser Datenschutzerkl\u00e4rung beschreibe ich, wann und warum ich personenbezogene Daten erhebe, welche personenbezogene Daten ich erhebe, wie ich sie nutze sowie unter welchen Einschr\u00e4nkungen ich sie offenlege und wie...","protected":false},"author":1,"featured_media":294,"parent":0,"menu_order":0,"comment_status":"closed","ping_status":"closed","template":"","meta":{"footnotes":""},"class_list":["post-401","page","type-page","status-publish","has-post-thumbnail","hentry"],"yoast_head":"<!-- This site is optimized with the Yoast SEO plugin v27.5 - https:\/\/yoast.com\/product\/yoast-seo-wordpress\/ -->\n<title>Datenschutz - Rob Laumen - Professioneel vertaler Engels-Nederlands<\/title>\n<meta name=\"description\" content=\"Ich bin Rob Laumen, und in dieser Datenschutzerkl\u00e4rung beschreibe ich, warum ich personenbezogene Daten erhebe und verarbeite.\" \/>\n<meta name=\"robots\" content=\"index, follow, max-snippet:-1, max-image-preview:large, max-video-preview:-1\" \/>\n<link rel=\"canonical\" href=\"https:\/\/www.roblaumen.nl\/de\/datenschutz\/\" \/>\n<meta property=\"og:locale\" content=\"de_DE\" \/>\n<meta property=\"og:type\" content=\"article\" \/>\n<meta property=\"og:title\" content=\"Datenschutzerkl\u00e4rung f\u00fcr die Leistungen von Rob Laumen\" \/>\n<meta property=\"og:description\" content=\"Ich bin Rob Laumen, und in dieser Datenschutzerkl\u00e4rung beschreibe ich, warum ich personenbezogene Daten erhebe und verarbeite.\" \/>\n<meta property=\"og:url\" content=\"https:\/\/www.roblaumen.nl\/de\/datenschutz\/\" \/>\n<meta property=\"og:site_name\" content=\"Rob Laumen - Professioneel vertaler Engels-Nederlands\" \/>\n<meta property=\"article:modified_time\" content=\"2021-01-11T09:29:56+00:00\" \/>\n<meta property=\"og:image\" content=\"https:\/\/www.roblaumen.nl\/wp-content\/uploads\/2020\/10\/rob-laumen-vertaler-engels-nederlands-profielfoto.jpg\" \/>\n<meta name=\"twitter:card\" content=\"summary_large_image\" \/>\n<meta name=\"twitter:title\" content=\"Datenschutzerkl\u00e4rung f\u00fcr die Leistungen von Rob Laumen\" \/>\n<meta name=\"twitter:description\" content=\"Ich bin Rob Laumen, und in dieser Datenschutzerkl\u00e4rung beschreibe ich, warum ich personenbezogene Daten erhebe und verarbeite.\" \/>\n<meta name=\"twitter:image\" content=\"https:\/\/www.roblaumen.nl\/wp-content\/uploads\/2020\/10\/rob-laumen-vertaler-engels-nederlands-profielfoto.jpg\" \/>\n<meta name=\"twitter:label1\" content=\"Gesch\u00e4tzte Lesezeit\" \/>\n\t<meta name=\"twitter:data1\" content=\"4\u00a0Minuten\" \/>\n<script type=\"application\/ld+json\" class=\"yoast-schema-graph\">{\"@context\":\"https:\\\/\\\/schema.org\",\"@graph\":[{\"@type\":\"WebPage\",\"@id\":\"https:\\\/\\\/www.roblaumen.nl\\\/de\\\/datenschutz\\\/\",\"url\":\"https:\\\/\\\/www.roblaumen.nl\\\/de\\\/datenschutz\\\/\",\"name\":\"Datenschutz - Rob Laumen - Professioneel vertaler Engels-Nederlands\",\"isPartOf\":{\"@id\":\"https:\\\/\\\/www.roblaumen.nl\\\/de\\\/#website\"},\"primaryImageOfPage\":{\"@id\":\"https:\\\/\\\/www.roblaumen.nl\\\/de\\\/datenschutz\\\/#primaryimage\"},\"image\":{\"@id\":\"https:\\\/\\\/www.roblaumen.nl\\\/de\\\/datenschutz\\\/#primaryimage\"},\"thumbnailUrl\":\"https:\\\/\\\/www.roblaumen.nl\\\/wp-content\\\/uploads\\\/2020\\\/10\\\/rob-laumen-vertaler-engels-nederlands-profielfoto.jpg\",\"datePublished\":\"2021-01-11T09:29:49+00:00\",\"dateModified\":\"2021-01-11T09:29:56+00:00\",\"description\":\"Ich bin Rob Laumen, und in dieser Datenschutzerkl\u00e4rung beschreibe ich, warum ich personenbezogene Daten erhebe und verarbeite.\",\"breadcrumb\":{\"@id\":\"https:\\\/\\\/www.roblaumen.nl\\\/de\\\/datenschutz\\\/#breadcrumb\"},\"inLanguage\":\"de\",\"potentialAction\":[{\"@type\":\"ReadAction\",\"target\":[\"https:\\\/\\\/www.roblaumen.nl\\\/de\\\/datenschutz\\\/\"]}]},{\"@type\":\"ImageObject\",\"inLanguage\":\"de\",\"@id\":\"https:\\\/\\\/www.roblaumen.nl\\\/de\\\/datenschutz\\\/#primaryimage\",\"url\":\"https:\\\/\\\/www.roblaumen.nl\\\/wp-content\\\/uploads\\\/2020\\\/10\\\/rob-laumen-vertaler-engels-nederlands-profielfoto.jpg\",\"contentUrl\":\"https:\\\/\\\/www.roblaumen.nl\\\/wp-content\\\/uploads\\\/2020\\\/10\\\/rob-laumen-vertaler-engels-nederlands-profielfoto.jpg\",\"width\":567,\"height\":567},{\"@type\":\"BreadcrumbList\",\"@id\":\"https:\\\/\\\/www.roblaumen.nl\\\/de\\\/datenschutz\\\/#breadcrumb\",\"itemListElement\":[{\"@type\":\"ListItem\",\"position\":1,\"name\":\"Home\",\"item\":\"https:\\\/\\\/www.roblaumen.nl\\\/de\\\/rob-laumen-uebersetzer-fuer-die-sprachkombination-englisch-niederlaendisch\\\/\"},{\"@type\":\"ListItem\",\"position\":2,\"name\":\"Datenschutz\"}]},{\"@type\":\"WebSite\",\"@id\":\"https:\\\/\\\/www.roblaumen.nl\\\/de\\\/#website\",\"url\":\"https:\\\/\\\/www.roblaumen.nl\\\/de\\\/\",\"name\":\"Rob Laumen - Professioneel vertaler Engels-Nederlands\",\"description\":\"\",\"potentialAction\":[{\"@type\":\"SearchAction\",\"target\":{\"@type\":\"EntryPoint\",\"urlTemplate\":\"https:\\\/\\\/www.roblaumen.nl\\\/de\\\/?s={search_term_string}\"},\"query-input\":{\"@type\":\"PropertyValueSpecification\",\"valueRequired\":true,\"valueName\":\"search_term_string\"}}],\"inLanguage\":\"de\"}]}<\/script>\n<!-- \/ Yoast SEO plugin. -->","yoast_head_json":{"title":"Datenschutz - Rob Laumen - Professioneel vertaler Engels-Nederlands","description":"Ich bin Rob Laumen, und in dieser Datenschutzerkl\u00e4rung beschreibe ich, warum ich personenbezogene Daten erhebe und verarbeite.","robots":{"index":"index","follow":"follow","max-snippet":"max-snippet:-1","max-image-preview":"max-image-preview:large","max-video-preview":"max-video-preview:-1"},"canonical":"https:\/\/www.roblaumen.nl\/de\/datenschutz\/","og_locale":"de_DE","og_type":"article","og_title":"Datenschutzerkl\u00e4rung f\u00fcr die Leistungen von Rob Laumen","og_description":"Ich bin Rob Laumen, und in dieser Datenschutzerkl\u00e4rung beschreibe ich, warum ich personenbezogene Daten erhebe und verarbeite.","og_url":"https:\/\/www.roblaumen.nl\/de\/datenschutz\/","og_site_name":"Rob Laumen - Professioneel vertaler Engels-Nederlands","article_modified_time":"2021-01-11T09:29:56+00:00","og_image":[{"url":"https:\/\/www.roblaumen.nl\/wp-content\/uploads\/2020\/10\/rob-laumen-vertaler-engels-nederlands-profielfoto.jpg","type":"","width":"","height":""}],"twitter_card":"summary_large_image","twitter_title":"Datenschutzerkl\u00e4rung f\u00fcr die Leistungen von Rob Laumen","twitter_description":"Ich bin Rob Laumen, und in dieser Datenschutzerkl\u00e4rung beschreibe ich, warum ich personenbezogene Daten erhebe und verarbeite.","twitter_image":"https:\/\/www.roblaumen.nl\/wp-content\/uploads\/2020\/10\/rob-laumen-vertaler-engels-nederlands-profielfoto.jpg","twitter_misc":{"Gesch\u00e4tzte Lesezeit":"4\u00a0Minuten"},"schema":{"@context":"https:\/\/schema.org","@graph":[{"@type":"WebPage","@id":"https:\/\/www.roblaumen.nl\/de\/datenschutz\/","url":"https:\/\/www.roblaumen.nl\/de\/datenschutz\/","name":"Datenschutz - Rob Laumen - Professioneel vertaler Engels-Nederlands","isPartOf":{"@id":"https:\/\/www.roblaumen.nl\/de\/#website"},"primaryImageOfPage":{"@id":"https:\/\/www.roblaumen.nl\/de\/datenschutz\/#primaryimage"},"image":{"@id":"https:\/\/www.roblaumen.nl\/de\/datenschutz\/#primaryimage"},"thumbnailUrl":"https:\/\/www.roblaumen.nl\/wp-content\/uploads\/2020\/10\/rob-laumen-vertaler-engels-nederlands-profielfoto.jpg","datePublished":"2021-01-11T09:29:49+00:00","dateModified":"2021-01-11T09:29:56+00:00","description":"Ich bin Rob Laumen, und in dieser Datenschutzerkl\u00e4rung beschreibe ich, warum ich personenbezogene Daten erhebe und verarbeite.","breadcrumb":{"@id":"https:\/\/www.roblaumen.nl\/de\/datenschutz\/#breadcrumb"},"inLanguage":"de","potentialAction":[{"@type":"ReadAction","target":["https:\/\/www.roblaumen.nl\/de\/datenschutz\/"]}]},{"@type":"ImageObject","inLanguage":"de","@id":"https:\/\/www.roblaumen.nl\/de\/datenschutz\/#primaryimage","url":"https:\/\/www.roblaumen.nl\/wp-content\/uploads\/2020\/10\/rob-laumen-vertaler-engels-nederlands-profielfoto.jpg","contentUrl":"https:\/\/www.roblaumen.nl\/wp-content\/uploads\/2020\/10\/rob-laumen-vertaler-engels-nederlands-profielfoto.jpg","width":567,"height":567},{"@type":"BreadcrumbList","@id":"https:\/\/www.roblaumen.nl\/de\/datenschutz\/#breadcrumb","itemListElement":[{"@type":"ListItem","position":1,"name":"Home","item":"https:\/\/www.roblaumen.nl\/de\/rob-laumen-uebersetzer-fuer-die-sprachkombination-englisch-niederlaendisch\/"},{"@type":"ListItem","position":2,"name":"Datenschutz"}]},{"@type":"WebSite","@id":"https:\/\/www.roblaumen.nl\/de\/#website","url":"https:\/\/www.roblaumen.nl\/de\/","name":"Rob Laumen - Professioneel vertaler Engels-Nederlands","description":"","potentialAction":[{"@type":"SearchAction","target":{"@type":"EntryPoint","urlTemplate":"https:\/\/www.roblaumen.nl\/de\/?s={search_term_string}"},"query-input":{"@type":"PropertyValueSpecification","valueRequired":true,"valueName":"search_term_string"}}],"inLanguage":"de"}]}},"_links":{"self":[{"href":"https:\/\/www.roblaumen.nl\/de\/wp-json\/wp\/v2\/pages\/401","targetHints":{"allow":["GET"]}}],"collection":[{"href":"https:\/\/www.roblaumen.nl\/de\/wp-json\/wp\/v2\/pages"}],"about":[{"href":"https:\/\/www.roblaumen.nl\/de\/wp-json\/wp\/v2\/types\/page"}],"author":[{"embeddable":true,"href":"https:\/\/www.roblaumen.nl\/de\/wp-json\/wp\/v2\/users\/1"}],"replies":[{"embeddable":true,"href":"https:\/\/www.roblaumen.nl\/de\/wp-json\/wp\/v2\/comments?post=401"}],"version-history":[{"count":1,"href":"https:\/\/www.roblaumen.nl\/de\/wp-json\/wp\/v2\/pages\/401\/revisions"}],"predecessor-version":[{"id":406,"href":"https:\/\/www.roblaumen.nl\/de\/wp-json\/wp\/v2\/pages\/401\/revisions\/406"}],"wp:featuredmedia":[{"embeddable":true,"href":"https:\/\/www.roblaumen.nl\/de\/wp-json\/wp\/v2\/media\/294"}],"wp:attachment":[{"href":"https:\/\/www.roblaumen.nl\/de\/wp-json\/wp\/v2\/media?parent=401"}],"curies":[{"name":"wp","href":"https:\/\/api.w.org\/{rel}","templated":true}]}}