{"id":395,"date":"2021-01-11T09:29:48","date_gmt":"2021-01-11T09:29:48","guid":{"rendered":"https:\/\/www.roblaumen.nl\/haftungsausschluss\/"},"modified":"2021-01-11T09:29:56","modified_gmt":"2021-01-11T09:29:56","slug":"haftungsausschluss","status":"publish","type":"page","link":"https:\/\/www.roblaumen.nl\/de\/haftungsausschluss\/","title":{"rendered":"Haftungsausschluss"},"content":{"rendered":"<section class=\"l-section wpb_row us_custom_0d15be52 height_medium\"><div class=\"l-section-h i-cf\"><div class=\"g-cols vc_row via_flex valign_top type_default stacking_default\"><div class=\"vc_col-sm-12 wpb_column vc_column_container\"><div class=\"vc_column-inner\"><div class=\"wpb_wrapper\"><div class=\"w-text\"><span class=\"w-text-h\"><span class=\"w-text-value\">Haftungsausschluss<\/span><\/span><\/div><div class=\"w-separator size_medium\"><\/div><div class=\"wpb_text_column\"><div class=\"wpb_wrapper\"><h2>Haftungsbeschr\u00e4nkung f\u00fcr meine Leistungen<\/h2>\n<p>Ich gehe bis zum \u00c4u\u00dfersten, damit die Qualit\u00e4t und die Pr\u00e4zision meiner Arbeit stimmen. Ich behalte mir das Recht vor, gelieferte Arbeit im Falle von festgestellten Fehlern oder Problemen kostenlos nachzubessern, unter der Bedingung, dass der Auftraggeber innerhalb von 10 Werktagen nach Lieferung der Arbeit eine entsprechende Reklamation einreicht. Das Reklamationsrecht des Auftraggebers wird hinf\u00e4llig, sobald der Auftraggeber die gelieferte Arbeit ohne meine schriftliche Genehmigung selbst bearbeitet hat bzw. hat lassen und diese Bearbeitung ver\u00f6ffentlicht bzw. in Druck gegeben hat. Eine Reklamation entl\u00e4sst den Auftraggeber nicht aus seiner Zahlungsverpflichtung. Die finanzielle Haftung f\u00fcr einen Mangel in der gelieferten Arbeit ist in keinem Fall h\u00f6her als der Rechnungsbetrag (zzgl. MwSt.) des betreffenden Auftrags. Die Haftung f\u00fcr indirekten Schaden, Zwischenf\u00e4lle oder Folgeschaden ist ausdr\u00fccklich ausgeschlossen.<\/p>\n<h2>Haftungsbeschr\u00e4nkung f\u00fcr diese Website<\/h2>\n<p>Diese Website ist Eigentum von Rob Laumen. Ich bin bem\u00fcht, die darin enthaltenen Informationen so richtig und vollst\u00e4ndig wie m\u00f6glich zu halten. Nichtsdestotrotz kann ich nicht v\u00f6llig ausschlie\u00dfen, dass einzelne Angaben unvollst\u00e4ndig, unkorrekt oder nicht mehr aktuell sind. Inhaltliche \u00c4nderungen k\u00f6nnen jederzeit und ohne vorherige Ank\u00fcndigung vorgenommen werden. Die Haftung f\u00fcr Schaden (direkt oder indirekt bzw. welcher Art auch immer), der in irgendeiner Hinsicht mit der Nutzung dieser Website oder mit deren vor\u00fcbergehenden Nichtverf\u00fcgbarkeit im Zusammenhang steht, ist ausgeschlossen.<\/p>\n<h2>Haftungsbeschr\u00e4nkung f\u00fcr E-Mails<\/h2>\n<p>S\u00e4mtliche Informationen, die per E-Mail versandt werden, sind ausschlie\u00dflich f\u00fcr den Adressaten bestimmt. Die Nutzung dieser Informationen durch andere Personen als den Adressaten ist verboten. Wenn Sie eine E-Mail zu Unrecht erhalten, werden Sie gebeten, deren Inhalt nicht zu nutzen, sondern den Absender sofort dar\u00fcber in Kenntnis zu setzen, indem Sie die E-Mail zur\u00fccksenden und anschlie\u00dfend l\u00f6schen. Eine Ver\u00f6ffentlichung, Vervielf\u00e4ltigung, Verbreitung und\/oder Weitergabe der in der E-Mail \u00fcbersandten Informationen an Dritte ist nicht zul\u00e4ssig. Rob Laumen haftet weder f\u00fcr die korrekte \u00dcbermittlung einer versandten E-Mails noch f\u00fcr deren rechtzeitiges Eintreffen.<\/p>\n<\/div><\/div><\/div><\/div><\/div><\/div><\/div><\/section>\n","protected":false},"excerpt":{"rendered":"HaftungsausschlussHaftungsbeschr\u00e4nkung f\u00fcr meine Leistungen Ich gehe bis zum \u00c4u\u00dfersten, damit die Qualit\u00e4t und die Pr\u00e4zision meiner Arbeit stimmen. Ich behalte mir das Recht vor, gelieferte Arbeit im Falle von festgestellten Fehlern oder Problemen kostenlos nachzubessern, unter der Bedingung, dass der Auftraggeber innerhalb von 10 Werktagen nach Lieferung der Arbeit eine entsprechende Reklamation einreicht. Das Reklamationsrecht...","protected":false},"author":1,"featured_media":294,"parent":0,"menu_order":0,"comment_status":"closed","ping_status":"closed","template":"","meta":{"footnotes":""},"class_list":["post-395","page","type-page","status-publish","has-post-thumbnail","hentry"],"yoast_head":"<!-- This site is optimized with the Yoast SEO plugin v27.5 - https:\/\/yoast.com\/product\/yoast-seo-wordpress\/ -->\n<title>Haftungsausschluss - Rob Laumen - Professioneel vertaler Engels-Nederlands<\/title>\n<meta name=\"description\" content=\"Ich gehe bis zum \u00c4u\u00dfersten, damit die Qualit\u00e4t und die Pr\u00e4zision meiner Arbeit stimmen. Lesen Sie hier die Haftungsbeschr\u00e4nkung f\u00fcr meine Leistungen.\" \/>\n<meta name=\"robots\" content=\"index, follow, max-snippet:-1, max-image-preview:large, max-video-preview:-1\" \/>\n<link rel=\"canonical\" href=\"https:\/\/www.roblaumen.nl\/de\/haftungsausschluss\/\" \/>\n<meta property=\"og:locale\" content=\"de_DE\" \/>\n<meta property=\"og:type\" content=\"article\" \/>\n<meta property=\"og:title\" content=\"Haftungsbeschr\u00e4nkung f\u00fcr die Leistungen von Rob Laumen\" \/>\n<meta property=\"og:description\" content=\"Ich gehe bis zum \u00c4u\u00dfersten, damit die Qualit\u00e4t und die Pr\u00e4zision meiner Arbeit stimmen. Lesen Sie hier die Haftungsbeschr\u00e4nkung f\u00fcr meine Leistungen.\" \/>\n<meta property=\"og:url\" content=\"https:\/\/www.roblaumen.nl\/de\/haftungsausschluss\/\" \/>\n<meta property=\"og:site_name\" content=\"Rob Laumen - Professioneel vertaler Engels-Nederlands\" \/>\n<meta property=\"article:modified_time\" content=\"2021-01-11T09:29:56+00:00\" \/>\n<meta property=\"og:image\" content=\"https:\/\/www.roblaumen.nl\/wp-content\/uploads\/2020\/10\/rob-laumen-vertaler-engels-nederlands-profielfoto.jpg\" \/>\n<meta name=\"twitter:card\" content=\"summary_large_image\" \/>\n<meta name=\"twitter:title\" content=\"Haftungsbeschr\u00e4nkung f\u00fcr die Leistungen von Rob Laumen\" \/>\n<meta name=\"twitter:description\" content=\"Ich gehe bis zum \u00c4u\u00dfersten, damit die Qualit\u00e4t und die Pr\u00e4zision meiner Arbeit stimmen. Lesen Sie hier die Haftungsbeschr\u00e4nkung f\u00fcr meine Leistungen.\" \/>\n<meta name=\"twitter:image\" content=\"https:\/\/www.roblaumen.nl\/wp-content\/uploads\/2020\/10\/rob-laumen-vertaler-engels-nederlands-profielfoto.jpg\" \/>\n<meta name=\"twitter:label1\" content=\"Gesch\u00e4tzte Lesezeit\" \/>\n\t<meta name=\"twitter:data1\" content=\"2\u00a0Minuten\" \/>\n<script type=\"application\/ld+json\" class=\"yoast-schema-graph\">{\"@context\":\"https:\\\/\\\/schema.org\",\"@graph\":[{\"@type\":\"WebPage\",\"@id\":\"https:\\\/\\\/www.roblaumen.nl\\\/de\\\/haftungsausschluss\\\/\",\"url\":\"https:\\\/\\\/www.roblaumen.nl\\\/de\\\/haftungsausschluss\\\/\",\"name\":\"Haftungsausschluss - Rob Laumen - Professioneel vertaler Engels-Nederlands\",\"isPartOf\":{\"@id\":\"https:\\\/\\\/www.roblaumen.nl\\\/de\\\/#website\"},\"primaryImageOfPage\":{\"@id\":\"https:\\\/\\\/www.roblaumen.nl\\\/de\\\/haftungsausschluss\\\/#primaryimage\"},\"image\":{\"@id\":\"https:\\\/\\\/www.roblaumen.nl\\\/de\\\/haftungsausschluss\\\/#primaryimage\"},\"thumbnailUrl\":\"https:\\\/\\\/www.roblaumen.nl\\\/wp-content\\\/uploads\\\/2020\\\/10\\\/rob-laumen-vertaler-engels-nederlands-profielfoto.jpg\",\"datePublished\":\"2021-01-11T09:29:48+00:00\",\"dateModified\":\"2021-01-11T09:29:56+00:00\",\"description\":\"Ich gehe bis zum \u00c4u\u00dfersten, damit die Qualit\u00e4t und die Pr\u00e4zision meiner Arbeit stimmen. Lesen Sie hier die Haftungsbeschr\u00e4nkung f\u00fcr meine Leistungen.\",\"breadcrumb\":{\"@id\":\"https:\\\/\\\/www.roblaumen.nl\\\/de\\\/haftungsausschluss\\\/#breadcrumb\"},\"inLanguage\":\"de\",\"potentialAction\":[{\"@type\":\"ReadAction\",\"target\":[\"https:\\\/\\\/www.roblaumen.nl\\\/de\\\/haftungsausschluss\\\/\"]}]},{\"@type\":\"ImageObject\",\"inLanguage\":\"de\",\"@id\":\"https:\\\/\\\/www.roblaumen.nl\\\/de\\\/haftungsausschluss\\\/#primaryimage\",\"url\":\"https:\\\/\\\/www.roblaumen.nl\\\/wp-content\\\/uploads\\\/2020\\\/10\\\/rob-laumen-vertaler-engels-nederlands-profielfoto.jpg\",\"contentUrl\":\"https:\\\/\\\/www.roblaumen.nl\\\/wp-content\\\/uploads\\\/2020\\\/10\\\/rob-laumen-vertaler-engels-nederlands-profielfoto.jpg\",\"width\":567,\"height\":567},{\"@type\":\"BreadcrumbList\",\"@id\":\"https:\\\/\\\/www.roblaumen.nl\\\/de\\\/haftungsausschluss\\\/#breadcrumb\",\"itemListElement\":[{\"@type\":\"ListItem\",\"position\":1,\"name\":\"Home\",\"item\":\"https:\\\/\\\/www.roblaumen.nl\\\/de\\\/rob-laumen-uebersetzer-fuer-die-sprachkombination-englisch-niederlaendisch\\\/\"},{\"@type\":\"ListItem\",\"position\":2,\"name\":\"Haftungsausschluss\"}]},{\"@type\":\"WebSite\",\"@id\":\"https:\\\/\\\/www.roblaumen.nl\\\/de\\\/#website\",\"url\":\"https:\\\/\\\/www.roblaumen.nl\\\/de\\\/\",\"name\":\"Rob Laumen - Professioneel vertaler Engels-Nederlands\",\"description\":\"\",\"potentialAction\":[{\"@type\":\"SearchAction\",\"target\":{\"@type\":\"EntryPoint\",\"urlTemplate\":\"https:\\\/\\\/www.roblaumen.nl\\\/de\\\/?s={search_term_string}\"},\"query-input\":{\"@type\":\"PropertyValueSpecification\",\"valueRequired\":true,\"valueName\":\"search_term_string\"}}],\"inLanguage\":\"de\"}]}<\/script>\n<!-- \/ Yoast SEO plugin. -->","yoast_head_json":{"title":"Haftungsausschluss - Rob Laumen - Professioneel vertaler Engels-Nederlands","description":"Ich gehe bis zum \u00c4u\u00dfersten, damit die Qualit\u00e4t und die Pr\u00e4zision meiner Arbeit stimmen. Lesen Sie hier die Haftungsbeschr\u00e4nkung f\u00fcr meine Leistungen.","robots":{"index":"index","follow":"follow","max-snippet":"max-snippet:-1","max-image-preview":"max-image-preview:large","max-video-preview":"max-video-preview:-1"},"canonical":"https:\/\/www.roblaumen.nl\/de\/haftungsausschluss\/","og_locale":"de_DE","og_type":"article","og_title":"Haftungsbeschr\u00e4nkung f\u00fcr die Leistungen von Rob Laumen","og_description":"Ich gehe bis zum \u00c4u\u00dfersten, damit die Qualit\u00e4t und die Pr\u00e4zision meiner Arbeit stimmen. Lesen Sie hier die Haftungsbeschr\u00e4nkung f\u00fcr meine Leistungen.","og_url":"https:\/\/www.roblaumen.nl\/de\/haftungsausschluss\/","og_site_name":"Rob Laumen - Professioneel vertaler Engels-Nederlands","article_modified_time":"2021-01-11T09:29:56+00:00","og_image":[{"url":"https:\/\/www.roblaumen.nl\/wp-content\/uploads\/2020\/10\/rob-laumen-vertaler-engels-nederlands-profielfoto.jpg","type":"","width":"","height":""}],"twitter_card":"summary_large_image","twitter_title":"Haftungsbeschr\u00e4nkung f\u00fcr die Leistungen von Rob Laumen","twitter_description":"Ich gehe bis zum \u00c4u\u00dfersten, damit die Qualit\u00e4t und die Pr\u00e4zision meiner Arbeit stimmen. Lesen Sie hier die Haftungsbeschr\u00e4nkung f\u00fcr meine Leistungen.","twitter_image":"https:\/\/www.roblaumen.nl\/wp-content\/uploads\/2020\/10\/rob-laumen-vertaler-engels-nederlands-profielfoto.jpg","twitter_misc":{"Gesch\u00e4tzte Lesezeit":"2\u00a0Minuten"},"schema":{"@context":"https:\/\/schema.org","@graph":[{"@type":"WebPage","@id":"https:\/\/www.roblaumen.nl\/de\/haftungsausschluss\/","url":"https:\/\/www.roblaumen.nl\/de\/haftungsausschluss\/","name":"Haftungsausschluss - Rob Laumen - Professioneel vertaler Engels-Nederlands","isPartOf":{"@id":"https:\/\/www.roblaumen.nl\/de\/#website"},"primaryImageOfPage":{"@id":"https:\/\/www.roblaumen.nl\/de\/haftungsausschluss\/#primaryimage"},"image":{"@id":"https:\/\/www.roblaumen.nl\/de\/haftungsausschluss\/#primaryimage"},"thumbnailUrl":"https:\/\/www.roblaumen.nl\/wp-content\/uploads\/2020\/10\/rob-laumen-vertaler-engels-nederlands-profielfoto.jpg","datePublished":"2021-01-11T09:29:48+00:00","dateModified":"2021-01-11T09:29:56+00:00","description":"Ich gehe bis zum \u00c4u\u00dfersten, damit die Qualit\u00e4t und die Pr\u00e4zision meiner Arbeit stimmen. Lesen Sie hier die Haftungsbeschr\u00e4nkung f\u00fcr meine Leistungen.","breadcrumb":{"@id":"https:\/\/www.roblaumen.nl\/de\/haftungsausschluss\/#breadcrumb"},"inLanguage":"de","potentialAction":[{"@type":"ReadAction","target":["https:\/\/www.roblaumen.nl\/de\/haftungsausschluss\/"]}]},{"@type":"ImageObject","inLanguage":"de","@id":"https:\/\/www.roblaumen.nl\/de\/haftungsausschluss\/#primaryimage","url":"https:\/\/www.roblaumen.nl\/wp-content\/uploads\/2020\/10\/rob-laumen-vertaler-engels-nederlands-profielfoto.jpg","contentUrl":"https:\/\/www.roblaumen.nl\/wp-content\/uploads\/2020\/10\/rob-laumen-vertaler-engels-nederlands-profielfoto.jpg","width":567,"height":567},{"@type":"BreadcrumbList","@id":"https:\/\/www.roblaumen.nl\/de\/haftungsausschluss\/#breadcrumb","itemListElement":[{"@type":"ListItem","position":1,"name":"Home","item":"https:\/\/www.roblaumen.nl\/de\/rob-laumen-uebersetzer-fuer-die-sprachkombination-englisch-niederlaendisch\/"},{"@type":"ListItem","position":2,"name":"Haftungsausschluss"}]},{"@type":"WebSite","@id":"https:\/\/www.roblaumen.nl\/de\/#website","url":"https:\/\/www.roblaumen.nl\/de\/","name":"Rob Laumen - Professioneel vertaler Engels-Nederlands","description":"","potentialAction":[{"@type":"SearchAction","target":{"@type":"EntryPoint","urlTemplate":"https:\/\/www.roblaumen.nl\/de\/?s={search_term_string}"},"query-input":{"@type":"PropertyValueSpecification","valueRequired":true,"valueName":"search_term_string"}}],"inLanguage":"de"}]}},"_links":{"self":[{"href":"https:\/\/www.roblaumen.nl\/de\/wp-json\/wp\/v2\/pages\/395","targetHints":{"allow":["GET"]}}],"collection":[{"href":"https:\/\/www.roblaumen.nl\/de\/wp-json\/wp\/v2\/pages"}],"about":[{"href":"https:\/\/www.roblaumen.nl\/de\/wp-json\/wp\/v2\/types\/page"}],"author":[{"embeddable":true,"href":"https:\/\/www.roblaumen.nl\/de\/wp-json\/wp\/v2\/users\/1"}],"replies":[{"embeddable":true,"href":"https:\/\/www.roblaumen.nl\/de\/wp-json\/wp\/v2\/comments?post=395"}],"version-history":[{"count":1,"href":"https:\/\/www.roblaumen.nl\/de\/wp-json\/wp\/v2\/pages\/395\/revisions"}],"predecessor-version":[{"id":400,"href":"https:\/\/www.roblaumen.nl\/de\/wp-json\/wp\/v2\/pages\/395\/revisions\/400"}],"wp:featuredmedia":[{"embeddable":true,"href":"https:\/\/www.roblaumen.nl\/de\/wp-json\/wp\/v2\/media\/294"}],"wp:attachment":[{"href":"https:\/\/www.roblaumen.nl\/de\/wp-json\/wp\/v2\/media?parent=395"}],"curies":[{"name":"wp","href":"https:\/\/api.w.org\/{rel}","templated":true}]}}