{"id":392,"date":"2021-01-11T09:29:47","date_gmt":"2021-01-11T09:29:47","guid":{"rendered":"https:\/\/www.roblaumen.nl\/kontakt\/"},"modified":"2021-01-25T17:27:31","modified_gmt":"2021-01-25T16:27:31","slug":"kontakt","status":"publish","type":"page","link":"https:\/\/www.roblaumen.nl\/de\/kontakt\/","title":{"rendered":"Kontakt"},"content":{"rendered":"<section class=\"l-section wpb_row height_medium with_img parallax_ver parallax_xpos_right\"><div class=\"l-section-img\" role=\"img\" aria-label=\"Rob Laumen - Vertaler Engels-Nederlands\" data-img-width=\"2508\" data-img-height=\"1672\" style=\"background-image: url(https:\/\/www.roblaumen.nl\/wp-content\/uploads\/2020\/11\/rob-laumen-vertaler-engels-nederlands-pagina-contact-opnemen.jpg);background-position: center right;background-repeat: no-repeat;\"><\/div><div class=\"l-section-h i-cf\"><div class=\"g-cols vc_row via_flex valign_top type_default stacking_default\"><div class=\"vc_col-sm-3\/5 wpb_column vc_column_container\"><div class=\"vc_column-inner\"><div class=\"wpb_wrapper\"><div class=\"w-separator size_huge\"><\/div><div class=\"w-separator size_huge\"><\/div><div class=\"w-separator size_huge\"><\/div><div class=\"w-separator size_huge\"><\/div><div class=\"w-separator size_huge\"><\/div><div class=\"w-separator size_huge\"><\/div><\/div><\/div><\/div><div class=\"vc_col-sm-2\/5 wpb_column vc_column_container\"><div class=\"vc_column-inner\"><div class=\"wpb_wrapper\"><div class=\"w-separator size_huge\"><\/div><h1 class=\"w-text us_custom_276ffc70 has_text_color\"><span class=\"w-text-h\"><span class=\"w-text-value\">Ihr Kontakt zu mir<\/span><\/span><\/h1><div class=\"wpb_text_column us_custom_19cd9327 has_text_color\"><div class=\"wpb_wrapper\"><p>Haben Sie eine Frage zum Thema \u00dcbersetzen, Lokalisieren oder Redigieren? Oder m\u00f6chten Sie ein unverbindliches Angebot erhalten? Bitte f\u00fcllen Sie das <a href=\"#contact\">Kontaktformular<\/a> aus. Ich werde mich dann zeitnah bei Ihnen melden!<\/p>\n<\/div><\/div><div class=\"w-separator size_huge\"><\/div><div class=\"w-separator size_huge\"><\/div><div class=\"w-separator size_huge\"><\/div><div class=\"w-separator size_huge\"><\/div><div class=\"w-separator size_huge\"><\/div><\/div><\/div><\/div><\/div><\/div><\/section><section class=\"l-section wpb_row us_custom_0d15be52 height_medium\" id=\"contact\"><div class=\"l-section-h i-cf\"><div class=\"g-cols vc_row via_flex valign_top type_default stacking_default\"><div class=\"vc_col-sm-6 wpb_column vc_column_container\"><div class=\"vc_column-inner\"><div class=\"wpb_wrapper\"><h3 class=\"w-text\"><span class=\"w-text-h\"><span class=\"w-text-value\">Jetzt Angebot anfordern<\/span><\/span><\/h3><div class=\"w-separator size_small\"><\/div>\n<div class=\"wpcf7 no-js\" id=\"wpcf7-f380-o1\" lang=\"de-DE\" dir=\"ltr\" data-wpcf7-id=\"380\">\n<div class=\"screen-reader-response\"><p role=\"status\" aria-live=\"polite\" aria-atomic=\"true\"><\/p> <ul><\/ul><\/div>\n<form action=\"\/de\/wp-json\/wp\/v2\/pages\/392#wpcf7-f380-o1\" method=\"post\" class=\"wpcf7-form init\" aria-label=\"Kontaktformular\" enctype=\"multipart\/form-data\" novalidate=\"novalidate\" data-status=\"init\">\n<fieldset class=\"hidden-fields-container\"><input type=\"hidden\" name=\"_wpcf7\" value=\"380\" \/><input type=\"hidden\" name=\"_wpcf7_version\" value=\"6.1.5\" \/><input type=\"hidden\" name=\"_wpcf7_locale\" value=\"de_DE\" \/><input type=\"hidden\" name=\"_wpcf7_unit_tag\" value=\"wpcf7-f380-o1\" \/><input type=\"hidden\" name=\"_wpcf7_container_post\" value=\"0\" \/><input type=\"hidden\" name=\"_wpcf7_posted_data_hash\" value=\"\" \/><input type=\"hidden\" name=\"_wpcf7_recaptcha_response\" value=\"\" \/>\n<\/fieldset>\n<p><label> Ihr Name*<br \/>\n<span class=\"wpcf7-form-control-wrap\" data-name=\"your-name\"><input size=\"40\" maxlength=\"400\" class=\"wpcf7-form-control wpcf7-text wpcf7-validates-as-required\" aria-required=\"true\" aria-invalid=\"false\" value=\"\" type=\"text\" name=\"your-name\" \/><\/span> <\/label>\n<\/p>\n<p><label> Ihre E-Mail Adresse*<br \/>\n<span class=\"wpcf7-form-control-wrap\" data-name=\"your-email\"><input size=\"40\" maxlength=\"400\" class=\"wpcf7-form-control wpcf7-email wpcf7-validates-as-required wpcf7-text wpcf7-validates-as-email\" aria-required=\"true\" aria-invalid=\"false\" value=\"\" type=\"email\" name=\"your-email\" \/><\/span> <\/label>\n<\/p>\n<p><label> Betreff<br \/>\n<span class=\"wpcf7-form-control-wrap\" data-name=\"your-subject\"><input size=\"40\" maxlength=\"400\" class=\"wpcf7-form-control wpcf7-text\" aria-invalid=\"false\" value=\"\" type=\"text\" name=\"your-subject\" \/><\/span> <\/label>\n<\/p>\n<p><label> Ihre Nachricht*<br \/>\n<span class=\"wpcf7-form-control-wrap\" data-name=\"your-message\"><textarea cols=\"40\" rows=\"10\" maxlength=\"2000\" class=\"wpcf7-form-control wpcf7-textarea wpcf7-validates-as-required\" aria-required=\"true\" aria-invalid=\"false\" name=\"your-message\"><\/textarea><\/span> <\/label>\n<\/p>\n<p><label> Anhang senden: max. 5 MB (DOC, DOCX, PDF, PPT, PPTX, RTF, TXT, XLS, XLSX, ZIP).<br \/>\n<span class=\"wpcf7-form-control-wrap\" data-name=\"file-335\"><input size=\"40\" class=\"wpcf7-form-control wpcf7-file\" accept=\".doc,.docx,.pdf,.rtf,.zip,.txt,.xls,.xlsx,.ppt,.pptx\" aria-invalid=\"false\" type=\"file\" name=\"file-335\" \/><\/span> <\/label>\n<\/p>\n\n<p><input class=\"wpcf7-form-control wpcf7-submit has-spinner\" type=\"submit\" value=\"Versenden\" \/>\n<\/p><div class=\"wpcf7-response-output\" aria-hidden=\"true\"><\/div>\n<\/form>\n<\/div>\n<\/div><\/div><\/div><div class=\"vc_col-sm-6 wpb_column vc_column_container\"><div class=\"vc_column-inner\"><div class=\"wpb_wrapper\"><\/div><\/div><\/div><\/div><\/div><\/section><section class=\"l-section wpb_row height_medium with_img parallax_ver\"><div class=\"l-section-img\" role=\"img\" aria-label=\"Rob Laumen - Vertaler Engels-Nederlands\" data-img-width=\"1920\" data-img-height=\"1280\" style=\"background-image: url(https:\/\/www.roblaumen.nl\/wp-content\/uploads\/2021\/01\/rob-laumen-vertaler-engels-nederlands-spreuk-contact.jpg);background-repeat: no-repeat;\"><\/div><div class=\"l-section-h i-cf\"><div class=\"g-cols vc_row via_flex valign_top type_default stacking_default\"><div class=\"vc_col-sm-12 wpb_column vc_column_container\"><div class=\"vc_column-inner\"><div class=\"wpb_wrapper\"><div class=\"w-separator size_large\"><\/div><div class=\"w-separator size_large\"><\/div><h4 class=\"w-text us_custom_24ef70db has_text_color\"><span class=\"w-text-h\"><span class=\"w-text-value\">Price is what you pay. Value is what you get.<\/span><\/span><\/h4><div class=\"w-separator size_custom\" style=\"height:30px\" id=\"e34b\"><style><\/style><\/div><div class=\"w-text us_custom_92408ba5 has_text_color\"><span class=\"w-text-h\"><span class=\"w-text-value\">&#8211; Warren Buffett<\/span><\/span><\/div><div class=\"w-separator size_large\"><\/div><div class=\"w-separator size_large\"><\/div><\/div><\/div><\/div><\/div><\/div><\/section>\n","protected":false},"excerpt":{"rendered":"Ihr Kontakt zu mirHaben Sie eine Frage zum Thema \u00dcbersetzen, Lokalisieren oder Redigieren? Oder m\u00f6chten Sie ein unverbindliches Angebot erhalten? Bitte f\u00fcllen Sie das Kontaktformular aus. Ich werde mich dann zeitnah bei Ihnen melden! Jetzt Angebot anfordern Ihr Name* Ihre E-Mail Adresse* Betreff Ihre Nachricht* Anhang senden: max. 5 MB (DOC, DOCX, PDF, PPT, PPTX,...","protected":false},"author":1,"featured_media":294,"parent":0,"menu_order":0,"comment_status":"closed","ping_status":"closed","template":"","meta":{"footnotes":""},"class_list":["post-392","page","type-page","status-publish","has-post-thumbnail","hentry"],"yoast_head":"<!-- This site is optimized with the Yoast SEO plugin v27.5 - https:\/\/yoast.com\/product\/yoast-seo-wordpress\/ -->\n<title>Kontakt - Rob Laumen - Professioneel vertaler Engels-Nederlands<\/title>\n<meta name=\"description\" content=\"Lassen Sie sich am besten heute noch von Rob Laumen ein unverbindliches Angebot f\u00fcr Ihre \u00dcbersetzung (Englisch-Niederl\u00e4ndisch) oder zur Lokalisierung von Texten geben.\" \/>\n<meta name=\"robots\" content=\"index, follow, max-snippet:-1, max-image-preview:large, max-video-preview:-1\" \/>\n<link rel=\"canonical\" href=\"https:\/\/www.roblaumen.nl\/de\/kontakt\/\" \/>\n<meta property=\"og:locale\" content=\"de_DE\" \/>\n<meta property=\"og:type\" content=\"article\" \/>\n<meta property=\"og:title\" content=\"Ihr Kontakt zu Rob Laumen, Fach\u00fcbersetzer f\u00fcr die Sprachkombination Englisch-Niederl\u00e4ndisch\" \/>\n<meta property=\"og:description\" content=\"Lassen Sie sich am besten heute noch von Rob Laumen ein unverbindliches Angebot f\u00fcr Ihre \u00dcbersetzung (Englisch-Niederl\u00e4ndisch) oder zur Lokalisierung von Texten geben.\" \/>\n<meta property=\"og:url\" content=\"https:\/\/www.roblaumen.nl\/de\/kontakt\/\" \/>\n<meta property=\"og:site_name\" content=\"Rob Laumen - Professioneel vertaler Engels-Nederlands\" \/>\n<meta property=\"article:modified_time\" content=\"2021-01-25T16:27:31+00:00\" \/>\n<meta property=\"og:image\" content=\"https:\/\/www.roblaumen.nl\/wp-content\/uploads\/2020\/10\/rob-laumen-vertaler-engels-nederlands-profielfoto.jpg\" \/>\n<meta name=\"twitter:card\" content=\"summary_large_image\" \/>\n<meta name=\"twitter:title\" content=\"Ihr Kontakt zu Rob Laumen, Fach\u00fcbersetzer f\u00fcr die Sprachkombination Englisch-Niederl\u00e4ndisch\" \/>\n<meta name=\"twitter:description\" content=\"Lassen Sie sich am besten heute noch von Rob Laumen ein unverbindliches Angebot f\u00fcr Ihre \u00dcbersetzung (Englisch-Niederl\u00e4ndisch) oder zur Lokalisierung von Texten geben.\" \/>\n<meta name=\"twitter:image\" content=\"https:\/\/www.roblaumen.nl\/wp-content\/uploads\/2020\/10\/rob-laumen-vertaler-engels-nederlands-profielfoto.jpg\" \/>\n<meta name=\"twitter:label1\" content=\"Gesch\u00e4tzte Lesezeit\" \/>\n\t<meta name=\"twitter:data1\" content=\"1\u00a0Minute\" \/>\n<script type=\"application\/ld+json\" class=\"yoast-schema-graph\">{\"@context\":\"https:\\\/\\\/schema.org\",\"@graph\":[{\"@type\":\"WebPage\",\"@id\":\"https:\\\/\\\/www.roblaumen.nl\\\/de\\\/kontakt\\\/\",\"url\":\"https:\\\/\\\/www.roblaumen.nl\\\/de\\\/kontakt\\\/\",\"name\":\"Kontakt - Rob Laumen - Professioneel vertaler Engels-Nederlands\",\"isPartOf\":{\"@id\":\"https:\\\/\\\/www.roblaumen.nl\\\/de\\\/#website\"},\"primaryImageOfPage\":{\"@id\":\"https:\\\/\\\/www.roblaumen.nl\\\/de\\\/kontakt\\\/#primaryimage\"},\"image\":{\"@id\":\"https:\\\/\\\/www.roblaumen.nl\\\/de\\\/kontakt\\\/#primaryimage\"},\"thumbnailUrl\":\"https:\\\/\\\/www.roblaumen.nl\\\/wp-content\\\/uploads\\\/2020\\\/10\\\/rob-laumen-vertaler-engels-nederlands-profielfoto.jpg\",\"datePublished\":\"2021-01-11T09:29:47+00:00\",\"dateModified\":\"2021-01-25T16:27:31+00:00\",\"description\":\"Lassen Sie sich am besten heute noch von Rob Laumen ein unverbindliches Angebot f\u00fcr Ihre \u00dcbersetzung (Englisch-Niederl\u00e4ndisch) oder zur Lokalisierung von Texten geben.\",\"breadcrumb\":{\"@id\":\"https:\\\/\\\/www.roblaumen.nl\\\/de\\\/kontakt\\\/#breadcrumb\"},\"inLanguage\":\"de\",\"potentialAction\":[{\"@type\":\"ReadAction\",\"target\":[\"https:\\\/\\\/www.roblaumen.nl\\\/de\\\/kontakt\\\/\"]}]},{\"@type\":\"ImageObject\",\"inLanguage\":\"de\",\"@id\":\"https:\\\/\\\/www.roblaumen.nl\\\/de\\\/kontakt\\\/#primaryimage\",\"url\":\"https:\\\/\\\/www.roblaumen.nl\\\/wp-content\\\/uploads\\\/2020\\\/10\\\/rob-laumen-vertaler-engels-nederlands-profielfoto.jpg\",\"contentUrl\":\"https:\\\/\\\/www.roblaumen.nl\\\/wp-content\\\/uploads\\\/2020\\\/10\\\/rob-laumen-vertaler-engels-nederlands-profielfoto.jpg\",\"width\":567,\"height\":567},{\"@type\":\"BreadcrumbList\",\"@id\":\"https:\\\/\\\/www.roblaumen.nl\\\/de\\\/kontakt\\\/#breadcrumb\",\"itemListElement\":[{\"@type\":\"ListItem\",\"position\":1,\"name\":\"Home\",\"item\":\"https:\\\/\\\/www.roblaumen.nl\\\/de\\\/rob-laumen-uebersetzer-fuer-die-sprachkombination-englisch-niederlaendisch\\\/\"},{\"@type\":\"ListItem\",\"position\":2,\"name\":\"Kontakt\"}]},{\"@type\":\"WebSite\",\"@id\":\"https:\\\/\\\/www.roblaumen.nl\\\/de\\\/#website\",\"url\":\"https:\\\/\\\/www.roblaumen.nl\\\/de\\\/\",\"name\":\"Rob Laumen - Professioneel vertaler Engels-Nederlands\",\"description\":\"\",\"potentialAction\":[{\"@type\":\"SearchAction\",\"target\":{\"@type\":\"EntryPoint\",\"urlTemplate\":\"https:\\\/\\\/www.roblaumen.nl\\\/de\\\/?s={search_term_string}\"},\"query-input\":{\"@type\":\"PropertyValueSpecification\",\"valueRequired\":true,\"valueName\":\"search_term_string\"}}],\"inLanguage\":\"de\"}]}<\/script>\n<!-- \/ Yoast SEO plugin. -->","yoast_head_json":{"title":"Kontakt - Rob Laumen - Professioneel vertaler Engels-Nederlands","description":"Lassen Sie sich am besten heute noch von Rob Laumen ein unverbindliches Angebot f\u00fcr Ihre \u00dcbersetzung (Englisch-Niederl\u00e4ndisch) oder zur Lokalisierung von Texten geben.","robots":{"index":"index","follow":"follow","max-snippet":"max-snippet:-1","max-image-preview":"max-image-preview:large","max-video-preview":"max-video-preview:-1"},"canonical":"https:\/\/www.roblaumen.nl\/de\/kontakt\/","og_locale":"de_DE","og_type":"article","og_title":"Ihr Kontakt zu Rob Laumen, Fach\u00fcbersetzer f\u00fcr die Sprachkombination Englisch-Niederl\u00e4ndisch","og_description":"Lassen Sie sich am besten heute noch von Rob Laumen ein unverbindliches Angebot f\u00fcr Ihre \u00dcbersetzung (Englisch-Niederl\u00e4ndisch) oder zur Lokalisierung von Texten geben.","og_url":"https:\/\/www.roblaumen.nl\/de\/kontakt\/","og_site_name":"Rob Laumen - Professioneel vertaler Engels-Nederlands","article_modified_time":"2021-01-25T16:27:31+00:00","og_image":[{"url":"https:\/\/www.roblaumen.nl\/wp-content\/uploads\/2020\/10\/rob-laumen-vertaler-engels-nederlands-profielfoto.jpg","type":"","width":"","height":""}],"twitter_card":"summary_large_image","twitter_title":"Ihr Kontakt zu Rob Laumen, Fach\u00fcbersetzer f\u00fcr die Sprachkombination Englisch-Niederl\u00e4ndisch","twitter_description":"Lassen Sie sich am besten heute noch von Rob Laumen ein unverbindliches Angebot f\u00fcr Ihre \u00dcbersetzung (Englisch-Niederl\u00e4ndisch) oder zur Lokalisierung von Texten geben.","twitter_image":"https:\/\/www.roblaumen.nl\/wp-content\/uploads\/2020\/10\/rob-laumen-vertaler-engels-nederlands-profielfoto.jpg","twitter_misc":{"Gesch\u00e4tzte Lesezeit":"1\u00a0Minute"},"schema":{"@context":"https:\/\/schema.org","@graph":[{"@type":"WebPage","@id":"https:\/\/www.roblaumen.nl\/de\/kontakt\/","url":"https:\/\/www.roblaumen.nl\/de\/kontakt\/","name":"Kontakt - Rob Laumen - Professioneel vertaler Engels-Nederlands","isPartOf":{"@id":"https:\/\/www.roblaumen.nl\/de\/#website"},"primaryImageOfPage":{"@id":"https:\/\/www.roblaumen.nl\/de\/kontakt\/#primaryimage"},"image":{"@id":"https:\/\/www.roblaumen.nl\/de\/kontakt\/#primaryimage"},"thumbnailUrl":"https:\/\/www.roblaumen.nl\/wp-content\/uploads\/2020\/10\/rob-laumen-vertaler-engels-nederlands-profielfoto.jpg","datePublished":"2021-01-11T09:29:47+00:00","dateModified":"2021-01-25T16:27:31+00:00","description":"Lassen Sie sich am besten heute noch von Rob Laumen ein unverbindliches Angebot f\u00fcr Ihre \u00dcbersetzung (Englisch-Niederl\u00e4ndisch) oder zur Lokalisierung von Texten geben.","breadcrumb":{"@id":"https:\/\/www.roblaumen.nl\/de\/kontakt\/#breadcrumb"},"inLanguage":"de","potentialAction":[{"@type":"ReadAction","target":["https:\/\/www.roblaumen.nl\/de\/kontakt\/"]}]},{"@type":"ImageObject","inLanguage":"de","@id":"https:\/\/www.roblaumen.nl\/de\/kontakt\/#primaryimage","url":"https:\/\/www.roblaumen.nl\/wp-content\/uploads\/2020\/10\/rob-laumen-vertaler-engels-nederlands-profielfoto.jpg","contentUrl":"https:\/\/www.roblaumen.nl\/wp-content\/uploads\/2020\/10\/rob-laumen-vertaler-engels-nederlands-profielfoto.jpg","width":567,"height":567},{"@type":"BreadcrumbList","@id":"https:\/\/www.roblaumen.nl\/de\/kontakt\/#breadcrumb","itemListElement":[{"@type":"ListItem","position":1,"name":"Home","item":"https:\/\/www.roblaumen.nl\/de\/rob-laumen-uebersetzer-fuer-die-sprachkombination-englisch-niederlaendisch\/"},{"@type":"ListItem","position":2,"name":"Kontakt"}]},{"@type":"WebSite","@id":"https:\/\/www.roblaumen.nl\/de\/#website","url":"https:\/\/www.roblaumen.nl\/de\/","name":"Rob Laumen - Professioneel vertaler Engels-Nederlands","description":"","potentialAction":[{"@type":"SearchAction","target":{"@type":"EntryPoint","urlTemplate":"https:\/\/www.roblaumen.nl\/de\/?s={search_term_string}"},"query-input":{"@type":"PropertyValueSpecification","valueRequired":true,"valueName":"search_term_string"}}],"inLanguage":"de"}]}},"_links":{"self":[{"href":"https:\/\/www.roblaumen.nl\/de\/wp-json\/wp\/v2\/pages\/392","targetHints":{"allow":["GET"]}}],"collection":[{"href":"https:\/\/www.roblaumen.nl\/de\/wp-json\/wp\/v2\/pages"}],"about":[{"href":"https:\/\/www.roblaumen.nl\/de\/wp-json\/wp\/v2\/types\/page"}],"author":[{"embeddable":true,"href":"https:\/\/www.roblaumen.nl\/de\/wp-json\/wp\/v2\/users\/1"}],"replies":[{"embeddable":true,"href":"https:\/\/www.roblaumen.nl\/de\/wp-json\/wp\/v2\/comments?post=392"}],"version-history":[{"count":30,"href":"https:\/\/www.roblaumen.nl\/de\/wp-json\/wp\/v2\/pages\/392\/revisions"}],"predecessor-version":[{"id":566,"href":"https:\/\/www.roblaumen.nl\/de\/wp-json\/wp\/v2\/pages\/392\/revisions\/566"}],"wp:featuredmedia":[{"embeddable":true,"href":"https:\/\/www.roblaumen.nl\/de\/wp-json\/wp\/v2\/media\/294"}],"wp:attachment":[{"href":"https:\/\/www.roblaumen.nl\/de\/wp-json\/wp\/v2\/media?parent=392"}],"curies":[{"name":"wp","href":"https:\/\/api.w.org\/{rel}","templated":true}]}}